{"id":9159,"date":"2026-02-22T13:54:46","date_gmt":"2026-02-22T20:54:46","guid":{"rendered":"https:\/\/www.jerseydevilpress.com\/?page_id=9159"},"modified":"2026-02-22T13:54:46","modified_gmt":"2026-02-22T20:54:46","slug":"issue-131-january-2026","status":"publish","type":"page","link":"http:\/\/www.jerseydevilpress.com\/?page_id=9159","title":{"rendered":"Issue 131, January 2026"},"content":{"rendered":"<div class=\"wp-block-image\">\n<figure class=\"aligncenter size-full\"><a href=\"http:\/\/www.jerseydevilpress.com\/wp-content\/uploads\/2026\/02\/jdp_issue_January2026.pdf\"><img data-recalc-dims=\"1\" loading=\"lazy\" decoding=\"async\" width=\"584\" height=\"876\" src=\"https:\/\/i0.wp.com\/www.jerseydevilpress.com\/wp-content\/uploads\/2026\/02\/JDP-cover-Jan-26-scaled.png?resize=584%2C876\" alt=\"\" class=\"wp-image-9166\" srcset=\"https:\/\/i0.wp.com\/www.jerseydevilpress.com\/wp-content\/uploads\/2026\/02\/JDP-cover-Jan-26-scaled.png?w=1707 1707w, https:\/\/i0.wp.com\/www.jerseydevilpress.com\/wp-content\/uploads\/2026\/02\/JDP-cover-Jan-26-scaled.png?resize=200%2C300 200w, https:\/\/i0.wp.com\/www.jerseydevilpress.com\/wp-content\/uploads\/2026\/02\/JDP-cover-Jan-26-scaled.png?resize=683%2C1024 683w, https:\/\/i0.wp.com\/www.jerseydevilpress.com\/wp-content\/uploads\/2026\/02\/JDP-cover-Jan-26-scaled.png?resize=768%2C1152 768w, https:\/\/i0.wp.com\/www.jerseydevilpress.com\/wp-content\/uploads\/2026\/02\/JDP-cover-Jan-26-scaled.png?resize=1024%2C1536 1024w, https:\/\/i0.wp.com\/www.jerseydevilpress.com\/wp-content\/uploads\/2026\/02\/JDP-cover-Jan-26-scaled.png?resize=1365%2C2048 1365w, https:\/\/i0.wp.com\/www.jerseydevilpress.com\/wp-content\/uploads\/2026\/02\/JDP-cover-Jan-26-scaled.png?w=1168 1168w\" sizes=\"auto, (max-width: 584px) 100vw, 584px\" \/><\/a><figcaption class=\"wp-element-caption\"><a href=\"http:\/\/www.jerseydevilpress.com\/wp-content\/uploads\/2026\/02\/jdp_issue_January2026.pdf\">Read the pdf<\/a><\/figcaption><\/figure>\n<\/div>\n\n\n<p class=\"has-text-align-right has-normal-font-size\" style=\"font-style:normal;font-weight:400\"><a href=\"https:\/\/www.jerseydevilpress.com\/?page_id=9160\" data-type=\"link\" data-id=\"https:\/\/www.jerseydevilpress.com\/?page_id=9118\"><strong>We Caught a Mermaid<\/strong>, Maria Pianelli Blair<\/a><a href=\"https:\/\/www.jerseydevilpress.com\/?page_id=8985\"><br><\/a>&#8220;Her eyes were bright, like midsummer skies; her hair the shade of sugarplums. Until then, only the occasional shark sighting or whale carcass made headlines, folklore banished to the faded murals of selkies and sea dragons that lined Ocean Avenue.&#8221;<\/p>\n\n\n\n<p class=\"has-text-align-right has-normal-font-size\" style=\"font-style:normal;font-weight:400\"><a href=\"https:\/\/www.jerseydevilpress.com\/?page_id=9161\"><strong>Perhaps I&#8217;m the Poison<\/strong>, Kayla Kerns<\/a><br>&#8220;Gouging your insides<br>A parasite<br>Spewing eggs and seed<br>Larva tickling the back of your throat&#8221;<\/p>\n\n\n\n<p class=\"has-text-align-right has-normal-font-size\" style=\"font-style:normal;font-weight:400\"><a href=\"https:\/\/www.jerseydevilpress.com\/?page_id=9162\"><strong>Person Who Leaves<\/strong>, Marcus Tsai<\/a><br>&#8220;At 5 AM, hours before graduation, a river of blood escaped through my nose. I woke licking my lips, tasting Ma\u2019s zh\u016b xi\u011b g\u0101o, its spices and congealed texture, before realizing the bed was wet and cold.&#8221;<\/p>\n\n\n\n<p class=\"has-text-align-right has-normal-font-size\" style=\"font-style:normal;font-weight:400\"><a href=\"https:\/\/www.jerseydevilpress.com\/?page_id=9163\"><strong>The Pope of Paris, Mississippi<\/strong>, Tracy Morin<\/a><br>&#8220;This time, I woke up alone. Hopped the highway from my hotel room, looking for the pope of Paris. Stuff he sold me wasn\u2019t right.Watch for the prowler who bleeds<br>Rainbows from eyes of cut glass.&#8221;<\/p>\n\n\n\n<p class=\"has-text-align-right has-normal-font-size\" style=\"font-style:normal;font-weight:400\"><a href=\"https:\/\/www.jerseydevilpress.com\/?page_id=9164\"><strong>Narcissist<\/strong>, Matthew Bruce<\/a><br>&#8220;I am the millipede Mars.\u00a0<br>They colonized monuments\u00a0<br>of me before I dropped&#8221;<\/p>\n\n\n\n<p class=\"has-text-align-right has-normal-font-size\" style=\"font-style:normal;font-weight:400\"><a href=\"https:\/\/www.jerseydevilpress.com\/?page_id=9165\">Big K Watermelon Kiwi Soda, Patrick G. Roland<\/a><br>&#8220;I slammed the door of my Grand Am and said I\u2019ll race you. I took off, left her in the dust. She called for me, but when you got Big K Watermelon Kiwi soda on the brain, it\u2019s hard to concentrate on chivalry.&#8221;<\/p>\n\n\n\n<p class=\"has-text-align-right has-normal-font-size\" style=\"font-style:normal;font-weight:400\"><strong>Cover art:\u00a0<\/strong><a href=\"https:\/\/www.jerseydevilpress.com\/?page_id=9169\">Mask in Flowers, Joshua Willson<\/a><\/p>\n","protected":false},"excerpt":{"rendered":"<p>We Caught a Mermaid, Maria Pianelli Blair&#8220;Her eyes were bright, like midsummer skies; her hair the shade of sugarplums. Until then, only the occasional shark sighting or whale carcass made headlines, folklore banished to the faded murals of selkies and &hellip; <a href=\"http:\/\/www.jerseydevilpress.com\/?page_id=9159\">Continue reading <span class=\"meta-nav\">&rarr;<\/span><\/a><\/p>\n","protected":false},"author":1,"featured_media":0,"parent":9177,"menu_order":1,"comment_status":"closed","ping_status":"closed","template":"","meta":{"nf_dc_page":"","jetpack_post_was_ever_published":false,"footnotes":""},"class_list":["post-9159","page","type-page","status-publish","hentry"],"jetpack_sharing_enabled":true,"jetpack_shortlink":"https:\/\/wp.me\/P15duy-2nJ","_links":{"self":[{"href":"http:\/\/www.jerseydevilpress.com\/index.php?rest_route=\/wp\/v2\/pages\/9159","targetHints":{"allow":["GET"]}}],"collection":[{"href":"http:\/\/www.jerseydevilpress.com\/index.php?rest_route=\/wp\/v2\/pages"}],"about":[{"href":"http:\/\/www.jerseydevilpress.com\/index.php?rest_route=\/wp\/v2\/types\/page"}],"author":[{"embeddable":true,"href":"http:\/\/www.jerseydevilpress.com\/index.php?rest_route=\/wp\/v2\/users\/1"}],"replies":[{"embeddable":true,"href":"http:\/\/www.jerseydevilpress.com\/index.php?rest_route=%2Fwp%2Fv2%2Fcomments&post=9159"}],"version-history":[{"count":4,"href":"http:\/\/www.jerseydevilpress.com\/index.php?rest_route=\/wp\/v2\/pages\/9159\/revisions"}],"predecessor-version":[{"id":9183,"href":"http:\/\/www.jerseydevilpress.com\/index.php?rest_route=\/wp\/v2\/pages\/9159\/revisions\/9183"}],"up":[{"embeddable":true,"href":"http:\/\/www.jerseydevilpress.com\/index.php?rest_route=\/wp\/v2\/pages\/9177"}],"wp:attachment":[{"href":"http:\/\/www.jerseydevilpress.com\/index.php?rest_route=%2Fwp%2Fv2%2Fmedia&parent=9159"}],"curies":[{"name":"wp","href":"https:\/\/api.w.org\/{rel}","templated":true}]}}