{"id":7169,"date":"2016-05-04T12:34:11","date_gmt":"2016-05-04T18:34:11","guid":{"rendered":"http:\/\/www.jerseydevilpress.com\/?page_id=7169"},"modified":"2016-05-04T12:34:11","modified_gmt":"2016-05-04T18:34:11","slug":"dream-hard-on","status":"publish","type":"page","link":"http:\/\/www.jerseydevilpress.com\/?page_id=7169","title":{"rendered":"Dream Hard On"},"content":{"rendered":"<p><strong>Rowdy Geirsson<\/strong><\/p>\n<p>Bj\u00f6rn Svensson was strutting around the rocky cove naked and bellowing fierce obscenities at the waves. I observed him from a safe distance, feeling like a genuine Euro-perv as he bent over, picked up a stone, and then chucked it into the water with a thunderous, \u201cM\u00e5 dj\u00e4vulen ta dig! Du onda j\u00e4vla fitta!\u201d<\/p>\n<p>I had been searching for him all afternoon but as I watched his nude temper-tantrum unfold before my eyes I could only deduce that my success had come at a very inopportune moment. I\u2019m quite comfortable with failure, having become intimately familiar with it early in life, so I didn\u2019t harbor any reservations about accepting defeat now. I turned around to leave and that\u2019s when I heard him shout in my direction, \u201cDu! Hej &#8212; du! Har du sett min flaska? Jag har tappat bort min mest \u00e4lskade flaska!\u201d This was followed by a very somber-sounding, \u201cOi\u2026\u201d<\/p>\n<p>I stopped and looked back at him. He squinted at me from his perch atop a granite outcropping, shoulders slouched, belly protruding, beard frayed, and ding-dong dangling in plain sight. This was not the confident appearance of the once proud Viking warrior-poet that I had been expecting. This was the appearance of a regular, everyday, frazzled Swede whose glory days had long since passed him by, and now to make matters worse, he had accidentally just dropped his beloved bottle of alcohol into the ocean.<\/p>\n<p>\u201cNej!\u201d I answered.<\/p>\n<p>\u201cOh, you English?\u201d he asked, because, despite my best efforts, I still can\u2019t even pronounce the one-syllable Swedish word for \u201cno\u201d with enough authenticity to convince any of the locals that I actually know some of their language. But that doesn\u2019t stop them from always incorrectly assuming I\u2019m English.<\/p>\n<p>\u201cNo, I\u2019m American, actually.\u201d<\/p>\n<p>\u201cOh, you come from the US? Why are you here? This place is boring. Why didn\u2019t you stay in G\u00f6teborg?\u201d<\/p>\n<p>G\u00f6teborg, or Gothenburg as it is known to non-Scandinavians, is more fun and exciting, but not just for Americans. It\u2019s more fun and exciting for everyone. The historic center of the maritime city features countless opportunities for shopping and dining along its wide esplanades while the drab suburbs feature countless unattended passenger vehicles that make easy targets for the ever-increasing numbers of disgruntled denizens to set on fire. Svensson\u2019s home in the village of R\u00f6nn\u00e4ng, which lies situated on the southern shore of the island of Tj\u00f6rn about an hour north of G\u00f6teborg, on the other hand, features only a small smattering of fishing shacks and summertime cottages where nothing ever happens.<\/p>\n<p>\u201cWell, I\u2019m here because I\u2019ve been looking for you actually,\u201d I answered. \u201cYou are Bj\u00f6rn Svensson, right?\u201d I proceeded to explain the purpose of my self-appointed mission.<\/p>\n<p>In the year preceding my arrival to Scandinavia I had discovered various rumors online through several Nordic chatrooms of an unusual spasm of medieval activity that had occurred in the region shortly after the turn of the millennium. According to these rumors, modern-day Norwegian whalers had sacked the Holy Island of Lindisfarne, newage Spear-Danes had constructed a great earthen fortress to fend off incursions from the Franks and the Geats, and surly Icelandic fisherman had attempted to recolonize Greenland. Unfortunately, the only two legitimate references confirming any kernel of truth in these rumors came from a single, small-town Norwegian newspaper\u2019s website. I suspected that other, concurrent happenings such as the incident when one Kardashian got caught having sex with another Kardashian in a frozen yogurt shop had been deemed better for business by the global media and as a result the entire Nordic phenomenon had gone by essentially unobserved and unreported. Thus, after a few weeks of intensely devouring what sparse information I could find about this so-called Modern Viking Movement, I had resolved it upon myself to track down and interview its prime protagonists during a moment of particular lucidity fueled by too much beer and an intense loathing for my own livelihood.<\/p>\n<p>I was about six months into my venture and Svensson was the last remaining heavy-hitter on my list of must-talk-to modern Vikings. A Geat himself, he was renowned online for a unique oratory prowess that he supposedly flaunted during an escalating series of skirmishes with his Spear-Danish enemies. Beginning with the defacement of Spear-Danish cultural memorabilia relating to William Shakespeare and Hans Christian Andersen, his campaign eventually culminated in a full-scale Geatish attempt to vandalize the original Legoland amusement park. Or so the trolls lurking in the world wide woods claimed.<\/p>\n<p>Svensson just looked at me while I spoke, his innate reserved Swedishness masking any emotion he might have been feeling. \u201cWell, that is quite something,\u201d he eventually stated. \u201cNot many Americans know about my accomplishments. Nor many Swedes, either, for that matter. Actually, only a few people in the world even have any idea\u2026but I\u2019d be delighted to tell you. I\u2019ll tell you the whole story, from beginning to end.\u201d<\/p>\n<p>\u201cHey, that\u2019s great &#8212; thank you so much.\u201d I stared past him to the glistening surface of the water. I really wasn\u2019t sure whether I should be looking at him or not given his current state of dress. \u201cBut, you know, I can come back later, I mean, I don\u2019t want to interrupt you if you\u2019re in the middle of something &#8212; \u201c<\/p>\n<p>\u201cNo, no, I\u2019m not in the middle of anything at all.\u201d He began to walk towards me, which was basically the polar opposite action as I would have taken had our positions been reversed and I had been the one venting nude, drunken hostilities at the ocean when some strange guy from a foreign country stumbled upon me. \u201cI have no plans for the rest of the day. You don\u2019t happen to have a bottle of vodka there in your backpack, do you?\u201d<\/p>\n<p>\u201cNo\u2026\u201d I trailed off because he had closed the distance rather quickly. He wrapped his arm around my shoulder and began directing me towards the water\u2019s edge.<\/p>\n<p>\u201cThat is quite unfortunate,\u201d he sighed as he guided me. \u201cI dropped mine in the water, as you know. Quite a frustrating setback if I may say so. And this story I have to tell you, it really is best told over a drink. But I suppose we can make do for now, and then later, perhaps we can go to Systembolaget.\u201d<\/p>\n<p>Systembolaget is the Swedish state-owned liquor monopoly. The nation has an official policy to thwart the ability of its citizens to get shit-faced drunk by taxing the bejusus out of alcohol, while its citizens have an unofficial policy to circumnavigate the system by purchasing huge quantities of hard liquor in neighboring countries and on booze cruises around the Baltic so that they may then proceed to get shit-faced drunk once they return home. In addition to the taxes, Systembolaget is a generally nightmarish shopping experience characterized by inconvenient opening hours, long waits in line, a limited selection of products, and a usually drab and uncomfortable interior.<\/p>\n<p>But if Systembolaget\u2019s interior could be described as lifeless and drab, Svensson\u2019s exterior could conversely be described as colorful and phallically boingy. I was in fact both shocked and nullified by how calm and natural he seemed to feel in his birthday suit as he walked beside me, his arm still slung around my shoulder. He showed not even the slightest hint of trepidation about his complete lack of clothing. Nor did he display any trepidation about physical contact with me either for that matter, and that actually caused me some concern. According to the world-renowned myth, Swedes possess a very relaxed attitude towards public nudity, and Svensson was genuinely giving it 110% to prove its truth here and now. That same myth, however, usually neglects to mention that Swedish nudity is never ever sexual or that Swedes generally abhor physical contact of any sort with strangers. Svensson was flagrantly deviating from at least one of these two lesser-known stereotypes and I worried whether he had any plans to increase the count to two in the immediate future.<\/p>\n<p>\u201cYou know, I only declared war on the Spear-Danes because I was commanded to in a dream,\u201d Svensson said as he directed me to his favorite ledge overlooking the water. He spoke with his face closer to mine than I usually prefer of a conversation partner, especially one whose breath reeks of lingonberry flavored Absolut Vodka and stale cinnamon buns. \u201cIt was quite a thing, really. You see, normally I don\u2019t dream. Or I don\u2019t remember my dreams, I\u2019m not so sure how it works. But this one night, I had this dream, and in this dream . . . how do you say . . . ah, boner! Yes, boner. A boner, an angry boner that is, commanded me to take action against the Spear-Danes.\u201d<\/p>\n<p>\u201cAn angry boner?\u201d<\/p>\n<p>\u201cYes!\u201d He was as solid as oak in his conviction, but thankfully not his manhood. \u201cIt was truly an angry boner! The angriest I\u2019ve ever seen. Or dreamed, I suppose. You see, it was bent out of shape. Or more accurately, it was bent into shape and the shape it was bent into was like that of a gallows pole, for hanging people, you know? Now what boner wouldn\u2019t be angry if it had to contort itself into a shape like that?\u201d<\/p>\n<p>\u201cI suppose you have a point\u2026\u201d It did sound painful, if not downright impossible, but crazy shit can happen in dreams and who am I to judge? My dreams are usually haunted by the lame apparitions of project schedule spreadsheets and an ever-increasing flood of unanswered emails.<\/p>\n<p>\u201cIndeed. And do you know who the Lord of the Gallows is?\u201d<\/p>\n<p>\u201cOdin?\u201d I did know this but I wasn\u2019t feeling very confident thanks to all this bizarre penis talk I was having with a naked stranger who was touching me and breathing acrid booze breath in my face as we walked side-by-side.<\/p>\n<p>\u201cCorrect! And as you may know, Odin lost one eye to gain the knowledge of the runes, so isn\u2019t it only natural that if he wanted to communicate with me, that he\u2019d send to me his own little one-eyed warrior as a messenger in my dreams?\u201d<\/p>\n<p>Finally, we reached the water\u2019s edge and Svensson withdrew his arm and squatted down, his trouser-less trouser snake swinging freely with the motion. He sat on the ledge, dangling his legs over it and looked back up at me with a certain expectation written clearly across his face<\/p>\n<p>I sat down myself and then looked off into the distance, not really sure what to say next and wishing that he\u2019d carry the weight of the conversation for awhile longer. Making small talk with strangers has never been one of my natural strengths, but I\u2019ve found that it\u2019s easier to do when the stranger is actually wearing clothes. I was also wondering why it was that Svensson just had to be the one naked Viking that I encountered in all my travels. Why couldn\u2019t it have been the super hot Ingrid T\u00f6rnblom instead? I had just recently completed an interview with her up in Stockholm, and of course she had refused to remove any of her clothing at all whatsoever while she was in my presence. Not that I had even dared to ask her to do so, but still, that\u2019s not the point. The point is that I wouldn\u2019t have minded if I had unintentionally caught her skinny dipping, but such was not my luck. No, instead I caught a frazzled, bearded drunk dude letting it all hang out. Sometimes I wish the norns would just go fuck themselves.<\/p>\n<p>Svensson interrupted the inner turmoil of my negative thoughts. \u201cYou know, if the angry boner had had red hair and thrown lighting bolts from its tip,\u201d he tugged at his beard. \u201cThen it might have been another matter entirely. That might have meant that it had been sent by Thor. I also thought about the possibility that Freyr might have been involved, but nothing about the boner spoke of crops or the harvest season or other boners. It was all \u2018kill, kill, kill, battle, battle, battle, poetry, poetry, poetry.\u2019 So there\u2019s no way it could have been from anyone but Odin.\u201d<\/p>\n<p>\u201cDid the boner tell you a poem?\u201d<\/p>\n<p>\u201cI think so, but it was in ancient Swedish, so I didn\u2019t actually understand any of what it was saying.\u201d<\/p>\n<p>\u201cWell, then how do you know it was carrying on about killing and battle and all that other stuff?\u201d<\/p>\n<p>\u201cI just knew\u2026that\u2019s the way it is with dreams of divine importance. Either that or you have to get them interpreted by a v\u00f6lva.\u201d<\/p>\n<p>\u201cA vulva?\u201d I wasn\u2019t sure I had heard him right, but I figured that, given the rather one-dimensional territory that our conversation had ventured through so far, why not expand our horizons and start talking about vaginas too?<\/p>\n<p>\u201cNo! A v\u00f6lva was a female pagan oracle in the original Viking Age.\u201d<\/p>\n<p>I thought about this in the context of the 21st century and my brain started to hurt so I stopped and we sat in silence for a few moments until I asked, \u201cWell\u2026why you? Did you do something special the night before to catch Odin\u2019s attention or something?\u201d<\/p>\n<p>\u201cI got shit-faced,\u201d he stated matter of factly.<\/p>\n<p>The Swedes\u2019 mastery of colloquial English never ceases to amaze me, just as my own inability to think of constructive responses never ceases to disappoint me. He looked me sternly in the eye and then leaned backwards, propping himself up by his elbows. I suffered a sudden fear that he was about to launch into a series of aerobic pelvic thrusts.<\/p>\n<p>\u201cYeah, you know, it really wasn\u2019t that different from most the times when I drink too much.\u201d His pelvis remained motionless to my great relief. \u201cExcept for maybe that it was midsummer that night. Midsummer is a big holiday here in Sweden, you know. We construct a maypole, which symbolizes a giant penis, which is probably part of the reason why Odin chose to commune with me on that specific night\u2026but anyway, after we erect the maypole, we then decorate it with garlands so that it looks like it has veins writhing up and down its shaft. And then we get drunk and everyone sings and dances around the maypole pretending to be little froggies, even the adults.\u201d<\/p>\n<p>\u201cIs \u2018froggie\u2019 some sort of Swedish slang for ballsack or something?\u201d I didn\u2019t know what the hell he was talking about.<\/p>\n<p>\u201cNo. I mean, only froggies, you know, you say what, frogs in English, right? Like eh, what\u2019s the other one\u2026toads?\u201d He ribbited in his throat to illustrate his point.<\/p>\n<p>\u201cYeah, that\u2019s the sound a frog makes. Or a toad. Whatever\u2026\u201d<\/p>\n<p>\u201cWell then, you know. We do the frog dance.\u201d<\/p>\n<p>I neither knew nor cared about the frog dance, so I attempted to guide us back towards a topic of significantly higher importance, \u201cSo\u2026Odin\u2019s dick?\u201d<\/p>\n<p>\u201cYes, Odin\u2019s dick,\u201d he confirmed. \u201cWhat a cock.\u201d<\/p>\n<p>He shifted from laying on his back to laying on his side to face me, his frank and beans flailing towards me with the motion. I reacted spontaneously by scooting a few inches away.<\/p>\n<p>Fortunately, he didn\u2019t seem to care as he just continued speaking, now with his head resting on his hand which was in turn supported by his elbow. \u201cOdin\u2019s dick was so angry, so very angry. It was in fact so angry, that not only did it haunt my dreams that night, but it also left me with a horrible hangover. I had visions of it even when I woke up.\u201d<\/p>\n<p>\u201cWhat do you mean?\u201d<\/p>\n<p>\u201cI had the image of the angry boner seared into my mind, even after I opened my eyes. The pain in my head throbbed and the boner itself was pulsating and I was not able to focus on anything else. I couldn\u2019t even stand up, I was so weak.\u201d<\/p>\n<p>\u201cThe boner was pulsating?\u201d<\/p>\n<p>\u201cOh, yes. As I told you, it was a very angry boner. Truly, truly, an angry boner. You have never seen such an angry boner.\u201d<\/p>\n<p>\u201cWell, I\u2019ve never seen a boner bent into the shape of a gallows pole, so that\u2019s probably true.\u201d<\/p>\n<p>\u201cOf course it is true! And until you see one for yourself with your own eyes, you\u2019ll never fully understand.\u201d<\/p>\n<p>I have very few high hopes or dreams of grandeur remaining in my life. The ritual of growing up and being thrust into the brutality of the real world saw to it that those youthful hopes and dreams that I had once harbored were officially demolished and replaced instead with a steady sense of defeatism and forlorn nostalgia. I had given up on ever having a grand, new hope, but here and now, in a most unexpected way and in a most unexpected place, I had found the glimmer of something new to hope for because I never, ever want to see a pissed-off, gallows-shaped boner on a vengeful mission from a Norse god with my own two eyes. But I didn\u2019t want to admit this to the naked stranger who was lounging beside me with his own exposed cock and balls protruding uncomfortably close to my own territorial bubble of personal space. So I tried to make light of the situation instead, \u201cWell, I suppose it\u2019s no coincidence that Odin is so well hung.\u201d<\/p>\n<p>Svensson laughed but remained serious when he asked, \u201cTrue, but how would you feel if you woke up and had such an angry boner spying on you, stalking you in your mind, cursing you and spitting at you with its slanted little eye?\u201d<\/p>\n<p>A horrible thought occurred to me just then: what if all this talk was just a delusional cover story for an inability on his part to control his own junk or impulses? What if his sleepy tally-whacker suddenly levitated itself up into a demonic cobra-like striking position from where it slouched so dangerously close to me? I hated the thought and I immediately regretted that it had ever even entered my mind, but it gave me a second new hope to long for, and should this hope prove to be in vain, I was fully prepared to hurl myself off the ledge and into the water below.<\/p>\n<p>I turned my head to look at him and caught another woeful glimpse out of the corner of my eye of his placid package as it drooped down alongside his groin. I quickly diverted my eyes again as I responded, \u201cI think I would feel distraught.\u201d<\/p>\n<p>\u201cYes! Distraught is a good word. I was myself distraught. You see, the angry boner, it wouldn\u2019t leave me alone. And its pulsation grew faster and faster and all I wanted to do was to run away but I couldn\u2019t. You can\u2019t run from your own mind. It screamed its commandments at me, full of rage. I was overwhelmed, and when everything was said and done and the unholy spirit had vanished, I just barely managed to speak these words before I passed out:<\/p>\n<p style=\"padding-left: 30px;\">\u201cHello darkness, my old friend<\/p>\n<p style=\"padding-left: 30px;\">I\u2019ve come to talk with you again<\/p>\n<p style=\"padding-left: 30px;\">Because a vision softly creeping<\/p>\n<p style=\"padding-left: 30px;\">Left its seeds while I was sleeping<\/p>\n<p style=\"padding-left: 30px;\">And the vision that was planted in my brain<\/p>\n<p style=\"padding-left: 30px;\">Still remains.\u201d<\/p>\n<p>\u201cGood song.\u201d<\/p>\n<p>\u201cWhat?\u201d He sounded genuinely confused.<\/p>\n<p>\u201cHuh?\u201d And I was confused that he was confused.<\/p>\n<p>\u201cThat was my first ever skaldic verse,\u201d he explained with a tone of pride that belied an apparent ignorance about the true origins of the verse. \u201cOdin\u2019s little one-eyed warrior left me with a new skill with words.\u201d<\/p>\n<p>While the rumors online had indeed indicated that Svensson had emerged as the Modern Viking Movement\u2019s preeminent skald, they had also failed to reveal that he was really only just a cover-poet who didn\u2019t write his own material. I didn\u2019t want to belittle his self-esteem or provoke him into a bitter Norseman\u2019s rage, so I just said, \u201cWell, I guess Odin is the god of poetry, so that\u2019s cool.\u201d<\/p>\n<p>\u201cYeah, it\u2019s really cool,\u201d he confirmed. \u201cAt the time it was frightening and painful, but my life really changed for the better because of that angry boner. If it hadn\u2019t been for it, I never would have achieved my full potential. Up to that point, my life had been nothing special. I was just another Svensson going through the motions with no meaning or purpose in my life. But Big One-Eye\u2019s little one-eye changed all that. That penis prevented me from becoming like everyone else who just goes to school because they have to, then gets a pointless job because they have to, and then dies because they have to without ever achieving any real meaning in their life.\u201d<\/p>\n<p>\u201cEverybody\u2019s got their dues in life to pay . . . and sometime you got to lose to know how to win,\u201d I responded, thinking that maybe I could eventually become a cover-skald, too. Half my life\u2019s been wasted in Microsoft\u2019s digital pages and if I was a fool, then Svensson was a sage and I sure wished I could learn from him. I genuinely admired the way he had successfully subverted his own personal 21st century grind and transcended the trivial status quo of contemporary existence. And if it had taken an alcohol-induced nightmare about a divine dick for him to be able to do it, then so be it. At least he had found a way, and like Odin\u2019s little helper, had risen to the challenge.<\/p>\n<p>\u201cYou know, it is true, and all these feelings, they come back to you . . . \u201d He nodded his approval of my pop wisdom and perhaps just for today, the good norns slowly took our conversation away.<\/p>\n<p><strong>ROWDY GEIRSSON<\/strong>\u2019s investigative journalism has previously appeared online at <em>Jersey Devil Press<\/em> and <em>Word Riot<\/em> and he currently serves as <em>McSweeney\u2019s<\/em> Norse History for Bostonians correspondent. He skulked among the abandoned factory buildings of Eastern Geatland in 2015 but has since returned to resume his life-long languishing under the fluorescent lights and ceiling tiles of New England. Hail him online at www.scandinavianaggression.com. Or don\u2019t, either way.<\/p>\n","protected":false},"excerpt":{"rendered":"<p>Rowdy Geirsson Bj\u00f6rn Svensson was strutting around the rocky cove naked and bellowing fierce obscenities at the waves. I observed him from a safe distance, feeling like a genuine Euro-perv as he bent over, picked up a stone, and then &hellip; <a href=\"http:\/\/www.jerseydevilpress.com\/?page_id=7169\">Continue reading <span class=\"meta-nav\">&rarr;<\/span><\/a><\/p>\n","protected":false},"author":4,"featured_media":0,"parent":7167,"menu_order":2,"comment_status":"closed","ping_status":"closed","template":"","meta":{"nf_dc_page":"","jetpack_post_was_ever_published":false,"footnotes":""},"class_list":["post-7169","page","type-page","status-publish","hentry"],"jetpack_sharing_enabled":true,"jetpack_shortlink":"https:\/\/wp.me\/P15duy-1RD","_links":{"self":[{"href":"http:\/\/www.jerseydevilpress.com\/index.php?rest_route=\/wp\/v2\/pages\/7169","targetHints":{"allow":["GET"]}}],"collection":[{"href":"http:\/\/www.jerseydevilpress.com\/index.php?rest_route=\/wp\/v2\/pages"}],"about":[{"href":"http:\/\/www.jerseydevilpress.com\/index.php?rest_route=\/wp\/v2\/types\/page"}],"author":[{"embeddable":true,"href":"http:\/\/www.jerseydevilpress.com\/index.php?rest_route=\/wp\/v2\/users\/4"}],"replies":[{"embeddable":true,"href":"http:\/\/www.jerseydevilpress.com\/index.php?rest_route=%2Fwp%2Fv2%2Fcomments&post=7169"}],"version-history":[{"count":2,"href":"http:\/\/www.jerseydevilpress.com\/index.php?rest_route=\/wp\/v2\/pages\/7169\/revisions"}],"predecessor-version":[{"id":7185,"href":"http:\/\/www.jerseydevilpress.com\/index.php?rest_route=\/wp\/v2\/pages\/7169\/revisions\/7185"}],"up":[{"embeddable":true,"href":"http:\/\/www.jerseydevilpress.com\/index.php?rest_route=\/wp\/v2\/pages\/7167"}],"wp:attachment":[{"href":"http:\/\/www.jerseydevilpress.com\/index.php?rest_route=%2Fwp%2Fv2%2Fmedia&parent=7169"}],"curies":[{"name":"wp","href":"https:\/\/api.w.org\/{rel}","templated":true}]}}