{"id":7167,"date":"2016-05-04T12:33:04","date_gmt":"2016-05-04T18:33:04","guid":{"rendered":"http:\/\/www.jerseydevilpress.com\/?page_id=7167"},"modified":"2016-05-04T12:33:04","modified_gmt":"2016-05-04T18:33:04","slug":"issue-seventy-eight-may-2016","status":"publish","type":"page","link":"http:\/\/www.jerseydevilpress.com\/?page_id=7167","title":{"rendered":"Issue Seventy-eight, May 2016"},"content":{"rendered":"<p><iframe loading=\"lazy\" width=\"700\" height=\"525\" src=\"\/\/e.issuu.com\/embed.html#2095819\/35361561\" frameborder=\"0\" allowfullscreen><\/iframe><\/p>\n<h6><a href=\" http:\/\/issuu.com\/egumeny\/docs\/jdp_issue_may2016?e=2095819\/35361561\" target=\"_blank\">Read Magazine<\/a> &#8211; <a href=\"http:\/\/www.jerseydevilpress.com\/wp-content\/uploads\/2016\/05\/jdp_issue_May2016.pdf\" target=\"_blank\">Download the .pdf<\/a><\/h6>\n<p style=\"text-align: right;\"><a href=\"http:\/\/www.jerseydevilpress.com\/?page_id= 7168\"><strong>Magnets of Faith and Knowing<\/strong>, Matt Dennison<\/a><br \/>\n&#8220;If my mind truly <em>is<\/em> broke, at least I\u2019m the only one holding the pieces. That\u2019s a rare claim around here, owning something outright. My own people never seen it for real, so all they can do now is walk around the fact of me like a pack of wild dogs barking at a boxed-up turtle, not knowing whether to shout or go blind in the terrible newness of it all.&#8221;<\/p>\n<p style=\"text-align: right;\"><a href=\"http:\/\/www.jerseydevilpress.com\/?page_id= 7169\"><strong>Dream Hard On<\/strong>, Rowdy Geirsson<\/a><br \/>\n&#8220;Bj\u00f6rn Svensson was strutting around the rocky cove naked and bellowing fierce obscenities at the waves. I observed him from a safe distance, feeling like a genuine Euro-perv as he bent over, picked up a stone, and then chucked it into the water with a thunderous, &#8216;M\u00e5 dj\u00e4vulen ta dig! Du onda j\u00e4vla fitta!'&#8221;<\/p>\n<p style=\"text-align: right;\"><a href=\"http:\/\/www.jerseydevilpress.com\/?page_id= 7170\"><strong>What Feasts Might Follow<\/strong>, GJ Hart<\/a><br \/>\n&#8220;Duffor is frying insects with the remains of a digital watch when he gets a text from Munton saying he&#8217;s just seen old Jack wheeled backwards into an ambulance.&#8221;<\/p>\n<p style=\"text-align: right;\"><a href=\"http:\/\/www.jerseydevilpress.com\/?page_id= 7171\"><strong>Zoned<\/strong>, Joshua James Jordan<\/a><br \/>\n&#8220;Four moth heads stood over me while I lay on an operating table. They had split my abdomen wide open, and one of them held my liver in two claws while licking with its long straw of a tongue.&#8221;<\/p>\n<p style=\"text-align: right;\"><a href=\"http:\/\/www.jerseydevilpress.com\/?page_id=7172\"><strong>I Give It Six Months<\/strong>, Ani King<\/a><br \/>\n&#8220;Thing is, you can\u2019t trust the king of the underworld, not with her blue-black hair, and her blue-black eyelashes, and the way her pale triceps pop when she sheds her battered jacket to reveal a thin white tank top and all manner of mismatched tattoos. Mermaids, hellhounds, dragons, anchors; you name it, it\u2019s inked into a calf or forearm or thigh.&#8221;<\/p>\n<p style=\"text-align: right;\"><a href=\"http:\/\/www.jerseydevilpress.com\/?page_id=7173\"><strong>Luminary<\/strong>, Deanne Richards<\/a><br \/>\n&#8220;The glacial glow of mediocrity was the venom, full of fire that dulled his dream. A guitar of ice with chords of frozen popsicles stood in the corner. The reflection of his past was like a dog sniffing foot prints.&#8221;<\/p>\n<p style=\"text-align: right;\"><a href=\"http:\/\/www.jerseydevilpress.com\/?page_id= 7174\"><strong>Cover art:\u00a0Of Mice and Rats<\/strong>, Jon Snoek<\/a><\/p>\n","protected":false},"excerpt":{"rendered":"<p>Read Magazine &#8211; Download the .pdf Magnets of Faith and Knowing, Matt Dennison &#8220;If my mind truly is broke, at least I\u2019m the only one holding the pieces. That\u2019s a rare claim around here, owning something outright. My own people &hellip; <a href=\"http:\/\/www.jerseydevilpress.com\/?page_id=7167\">Continue reading <span class=\"meta-nav\">&rarr;<\/span><\/a><\/p>\n","protected":false},"author":4,"featured_media":0,"parent":7039,"menu_order":5,"comment_status":"closed","ping_status":"closed","template":"","meta":{"nf_dc_page":"","jetpack_post_was_ever_published":false,"footnotes":""},"class_list":["post-7167","page","type-page","status-publish","hentry"],"jetpack_sharing_enabled":true,"jetpack_shortlink":"https:\/\/wp.me\/P15duy-1RB","_links":{"self":[{"href":"http:\/\/www.jerseydevilpress.com\/index.php?rest_route=\/wp\/v2\/pages\/7167","targetHints":{"allow":["GET"]}}],"collection":[{"href":"http:\/\/www.jerseydevilpress.com\/index.php?rest_route=\/wp\/v2\/pages"}],"about":[{"href":"http:\/\/www.jerseydevilpress.com\/index.php?rest_route=\/wp\/v2\/types\/page"}],"author":[{"embeddable":true,"href":"http:\/\/www.jerseydevilpress.com\/index.php?rest_route=\/wp\/v2\/users\/4"}],"replies":[{"embeddable":true,"href":"http:\/\/www.jerseydevilpress.com\/index.php?rest_route=%2Fwp%2Fv2%2Fcomments&post=7167"}],"version-history":[{"count":4,"href":"http:\/\/www.jerseydevilpress.com\/index.php?rest_route=\/wp\/v2\/pages\/7167\/revisions"}],"predecessor-version":[{"id":7192,"href":"http:\/\/www.jerseydevilpress.com\/index.php?rest_route=\/wp\/v2\/pages\/7167\/revisions\/7192"}],"up":[{"embeddable":true,"href":"http:\/\/www.jerseydevilpress.com\/index.php?rest_route=\/wp\/v2\/pages\/7039"}],"wp:attachment":[{"href":"http:\/\/www.jerseydevilpress.com\/index.php?rest_route=%2Fwp%2Fv2%2Fmedia&parent=7167"}],"curies":[{"name":"wp","href":"https:\/\/api.w.org\/{rel}","templated":true}]}}