{"id":6565,"date":"2015-02-04T08:55:40","date_gmt":"2015-02-04T15:55:40","guid":{"rendered":"http:\/\/www.jerseydevilpress.com\/?page_id=6565"},"modified":"2015-02-04T18:43:43","modified_gmt":"2015-02-05T01:43:43","slug":"i-am-a-skin-and-a-lotion-soaking-up-myself","status":"publish","type":"page","link":"http:\/\/www.jerseydevilpress.com\/?page_id=6565","title":{"rendered":"I Am a Skin and a Lotion Soaking Up Myself"},"content":{"rendered":"<p><strong>Radka Bart\u016fskov\u00e1<\/strong><\/p>\n<p><\/p>\n<div id=\"attachment_6574\" style=\"width: 594px\" class=\"wp-caption aligncenter\"><a href=\"http:\/\/www.rbsketch.tumblr.com\"><img data-recalc-dims=\"1\" loading=\"lazy\" decoding=\"async\" aria-describedby=\"caption-attachment-6574\" src=\"https:\/\/i0.wp.com\/www.jerseydevilpress.com\/wp-content\/uploads\/2015\/02\/untitled_by_rbsketch-d8fj5k6.jpg?resize=584%2C438\" alt=\"\u201cI Am Skin and a  Lotion Soaking Up Myself\u201d by Radka Bart\u016fskov\u00e1 \" width=\"584\" height=\"438\" class=\"size-large wp-image-6574\" srcset=\"https:\/\/i0.wp.com\/www.jerseydevilpress.com\/wp-content\/uploads\/2015\/02\/untitled_by_rbsketch-d8fj5k6.jpg?resize=1024%2C768 1024w, https:\/\/i0.wp.com\/www.jerseydevilpress.com\/wp-content\/uploads\/2015\/02\/untitled_by_rbsketch-d8fj5k6.jpg?resize=300%2C225 300w, https:\/\/i0.wp.com\/www.jerseydevilpress.com\/wp-content\/uploads\/2015\/02\/untitled_by_rbsketch-d8fj5k6.jpg?resize=400%2C300 400w, https:\/\/i0.wp.com\/www.jerseydevilpress.com\/wp-content\/uploads\/2015\/02\/untitled_by_rbsketch-d8fj5k6.jpg?w=1168 1168w, https:\/\/i0.wp.com\/www.jerseydevilpress.com\/wp-content\/uploads\/2015\/02\/untitled_by_rbsketch-d8fj5k6.jpg?w=1752 1752w\" sizes=\"auto, (max-width: 584px) 100vw, 584px\" \/><\/a><p id=\"caption-attachment-6574\" class=\"wp-caption-text\">\u201cI Am Skin and a  Lotion Soaking Up Myself\u201d by Radka Bart\u016fskov\u00e1<br \/><\/p><\/div>\n<p><strong>RADKA BART\u016eSKOV\u00c1<\/strong> is a Czech native currently living in Prague and finishing her studies. She spends her own time making soldered jewelry, drawing, and painting. Up to now all her efforts to create &#8220;art&#8221; were only for her own pleasure, but now her artwork and jewelry can be found on her Deviant Art profile (<a href=\"http:\/\/www.rbsketch.deviantart.com\" target=\"_blank\">rbsketch.deviantart.com<\/a>) and on tumblr (<a href=\"http:\/\/www.rbsketch.tumblr.com\" target=\"_blank\">rbsketch.tumblr.com<\/a>).<\/p>\n","protected":false},"excerpt":{"rendered":"<p>Radka Bart\u016fskov\u00e1 RADKA BART\u016eSKOV\u00c1 is a Czech native currently living in Prague and finishing her studies. She spends her own time making soldered jewelry, drawing, and painting. Up to now all her efforts to create &#8220;art&#8221; were only for her &hellip; <a href=\"http:\/\/www.jerseydevilpress.com\/?page_id=6565\">Continue reading <span class=\"meta-nav\">&rarr;<\/span><\/a><\/p>\n","protected":false},"author":4,"featured_media":0,"parent":6558,"menu_order":7,"comment_status":"open","ping_status":"open","template":"","meta":{"nf_dc_page":"","jetpack_post_was_ever_published":false,"footnotes":""},"class_list":["post-6565","page","type-page","status-publish","hentry"],"jetpack_sharing_enabled":true,"jetpack_shortlink":"https:\/\/wp.me\/P15duy-1HT","_links":{"self":[{"href":"http:\/\/www.jerseydevilpress.com\/index.php?rest_route=\/wp\/v2\/pages\/6565","targetHints":{"allow":["GET"]}}],"collection":[{"href":"http:\/\/www.jerseydevilpress.com\/index.php?rest_route=\/wp\/v2\/pages"}],"about":[{"href":"http:\/\/www.jerseydevilpress.com\/index.php?rest_route=\/wp\/v2\/types\/page"}],"author":[{"embeddable":true,"href":"http:\/\/www.jerseydevilpress.com\/index.php?rest_route=\/wp\/v2\/users\/4"}],"replies":[{"embeddable":true,"href":"http:\/\/www.jerseydevilpress.com\/index.php?rest_route=%2Fwp%2Fv2%2Fcomments&post=6565"}],"version-history":[{"count":3,"href":"http:\/\/www.jerseydevilpress.com\/index.php?rest_route=\/wp\/v2\/pages\/6565\/revisions"}],"predecessor-version":[{"id":6588,"href":"http:\/\/www.jerseydevilpress.com\/index.php?rest_route=\/wp\/v2\/pages\/6565\/revisions\/6588"}],"up":[{"embeddable":true,"href":"http:\/\/www.jerseydevilpress.com\/index.php?rest_route=\/wp\/v2\/pages\/6558"}],"wp:attachment":[{"href":"http:\/\/www.jerseydevilpress.com\/index.php?rest_route=%2Fwp%2Fv2%2Fmedia&parent=6565"}],"curies":[{"name":"wp","href":"https:\/\/api.w.org\/{rel}","templated":true}]}}