{"id":495,"date":"2010-09-27T00:14:41","date_gmt":"2010-09-27T04:14:41","guid":{"rendered":"http:\/\/www.jerseydevilpress.com\/?page_id=495"},"modified":"2010-09-27T00:16:13","modified_gmt":"2010-09-27T04:16:13","slug":"my-walk-to-gamal-abd-el-nasser","status":"publish","type":"page","link":"http:\/\/www.jerseydevilpress.com\/?page_id=495","title":{"rendered":"My Walk to Gamal Abd el Nasser"},"content":{"rendered":"<p>by Dawn-Michelle Baude<br \/>\n<br \/><\/br><br \/>\nAre you ready?<\/p>\n<p>Put on the long, baggy skirt\u2014black, of course\u2014down to the ankles. \u00a0Loose white shirt. \u00a0Black-and-white striped socks and black boots. \u00a0(Closed-in shoes are required.) \u00a0Sun block? \u00a0Check. \u00a0Hat? \u00a0Check. \u00a0Black backpack? \u00a0Check. \u00a0Take the trash\u2014wait! \u00a0This is tricky.<\/p>\n<p>Things you don&#8217;t mind your neighbors pawing through go in one bag. \u00a0Foodstuffs you won&#8217;t eat but some starving person will, another bag. \u00a0Finally, the beer bottles. \u00a0This is the trickiest part of all. \u00a0The clinking part. \u00a0The best bet is to double-bag-tie and put them in the backpack for disposal a good distance from home.<\/p>\n<p>Now yank open the door (it sticks). \u00a0Sparrows? \u00a0Pigeons? \u00a0Doves? \u00a0Third floor, second floor, first, past the broken window and vacant apartments\u2014don&#8217;t touch the banister! \u00a0Deadly bird-flu virus may lurk in the droppings. \u00a0Ground floor: out into the beautiful Alexandrian day. \u00a0Around the front porch, delicate jasmine and honeysuckle grow, while aloe plants, with strong tentacles, wave from stone planters. \u00a0Down the porch stairs to the bawwab&#8217;s shack and the first trash bin where the innocuous stuff goes\u2014try to sneak out the gate so as to escape conversation with the bawwab. \u00a0He&#8217;ll ask, as usual, where you&#8217;re going.<\/p>\n<p>Look both ways before you step off the curb\u2014although it&#8217;s a one-way street, cars surge forth in both directions. \u00a0Since the sidewalks are parked-up, it&#8217;s better to walk rapidly down the middle of the street so as to minimize conversation with the numerous soldiers guarding the backside of the British Consul&#8217;s property. \u00a0The soldiers want to hear you speak poor Arabic while they pose questions in poor English. \u00a0Some days you are in the mood for halting conversation; some days not, even though it is your job to build bridges between peoples, cultures, nations.<\/p>\n<p>Watch out for the needles and syringes at the corner\u2014it\u2019s disagreeable to step on them. \u00a0Turn right, and start down the hill, past the front of the consul&#8217;s house. \u00a0The poor, poor consul. \u00a0He has one of the best examples of 70&#8217;s architecture you can lay eyes on\u2014a two-story ranch-style, brick with white-wood trim, banks of glass. You can almost imagine the stretch pants and bridge parties inside. \u00a0But all the shutters are closed tight. \u00a0There&#8217;s no way to look from the house onto the enormous garden brimming with roses and laden with fruit trees. \u00a0The fence is wired, soldiers and cameras posted every few feet. \u00a0You&#8217;ve never seen the consul, never seen anyone in the garden except the gardeners, never seen any shutter or door or frosted window open even a crack. \u00a0But it is all perfect from the outside. \u00a0Just perfect.<\/p>\n<p>The trash in the street begins to thicken as you descend the hill to the main road. \u00a0You&#8217;ll pass two gorgeous art-deco villas, both with long balconies and stained glass, and three or four Italianate villas with extravagant turrets. \u00a0But it&#8217;s hard to admire the houses through the crowd of cheap, concrete buildings hemming them in on all sides\u2014unpainted concrete, crumbling, sprouting rebar and complicated hosing. \u00a0Drip. \u00a0On the ground floor of one of them is a clothing store, and further along there&#8217;s a wooden bench in the shade of the sycamore tree where a bawwab in turban and gown often sits. \u00a0You&#8217;ve seen him hundreds of times. \u00a0You&#8217;ve never spoken. \u00a0He knows that a respectable woman avoids speaking to strangers.<\/p>\n<p>Keep your eyes open for the trash-pickers as you go. \u00a0They will be happy with your leavings. \u00a0They usually have a welcoming smile\u2014they&#8217;re not wary of you, trying to get your money, or predisposed to thinking that you&#8217;re politically, socially, sexually or religiously disreputable. \u00a0They simply seize upon the moment to exchange a few, pleasant sentences the way they might seize upon an unfinished falafel.<\/p>\n<p>Remember the handsome boy with excellent English? \u00a0The one who was licking a piece of technology before you talked together of the sandstorms? \u00a0It looked like a circuit board\u2014maybe it was covered with honey. \u00a0Or the lovely young girl with slightly Asian, almond-shaped eyes, bone-structure to die for, and rich, caramel skin? \u00a0The one who could grace the cover of Vogue? \u00a0You had asked her name. \u00a0&#8220;Trash,&#8221; she said. \u00a0And you, embarrassed, had said, no, no\u2014that&#8217;s not your name, that&#8217;s what you do, that&#8217;s your job. \u00a0&#8220;Job?&#8221; she echoed. \u00a0&#8220;Job? \u00a0Sexy. \u00a0Hot. \u00a0Wet.&#8221; \u00a0You had neither the English nor the Arabic to sort it out. \u00a0&#8220;I have go,&#8221; she said. \u00a0&#8220;I am working.&#8221; \u00a0She shut the lid. \u00a0&#8220;Enjoy Egypt!&#8221; \u00a0And she left you there, standing by the bin.<\/p>\n<p>As you are standing by the bin now. \u00a0No one close by on the street, cars in the distance, but someone may be watching you from behind the curtains. \u00a0Someone is always watching you. \u00a0This is not idle fancy. \u00a0The handful of other foreigners in Alexandria will all tell you the same thing. \u00a0You are always being watched because most people who catch sight of you are intrigued, fascinated, repelled, perhaps dumbfounded, by your blond foreignness. \u00a0When you lived in the tenements of Moustafa Kamel, you could not open the window and gaze outside because of the faces of the people in the other towers, the ones you could see. \u00a0On the hill of Kafr Abdu where you live now it&#8217;s not so bad, but elsewhere in the city\u2014depending, perhaps, on chance alignments of the stars\u2014you can halt conversation in a store or a cafe with your presence. \u00a0You cause people to open their mouths so that you can see the spittle gather between the tongue and lower teeth. \u00a0Some children who look upon you run to their mothers, hiding in their skirts, just as they do in the movies. \u00a0This is not an exaggeration. \u00a0You are being watched.<\/p>\n<p>Constant, irrational scrutiny makes disposing of the beer bottles all the more challenging. \u00a0You stand there, posed at the intersection of clich\u00e9. \u00a0Drunken Westerners, sexually depraved Westerners, morally corrupt Westerners, spiritually bankrupt Westerners all converge in your person. \u00a0You want to explain that it&#8217;s just one bottle of beer, if that, a night. \u00a0But they wouldn&#8217;t understand. \u00a0And besides, only you are listening. \u00a0You take a step back, on the sidewalk, squeeze in between the parked car and wall while you unzip the backpack and remove the bottles. \u00a0Quick! \u00a0Slip them into the bin along with the rest, and hurry on your way.<\/p>\n<p>The residential feel of the neighborhood now starts to change. \u00a0The exclusivity that somehow still clings to the streets fades after you pass Nour&#8217;s villa. \u00a0Ah, sweet Nour\u2014she is from Libya, Palestinian in origin, you suspect. \u00a0In fact, her eldest son, the one doing his graduate degree in math at Cambridge, had almost mentioned it. \u00a0Perhaps he did mention it. \u00a0Like many of the Palestinians you know, the ones whose families could get out, Nour is discreet. \u00a0She is small, perfectly proportioned, and beautiful, one of those buoyant women who are always genuinely cheerful in spite of themselves. \u00a0She has decorated her home with objects from estate sales from all over Egypt\u2014Ottoman rugs, Nouvel Empire sideboards, Japanese silk. \u00a0You have to restrain yourself from oo-ing and ah-ing even when you stand in the vestibule, waiting to collect your son.<\/p>\n<p>Recently, you had lunch in her kitchen, and you relaxed, and you thought, this is so good, so right, to have lunch with a friend. \u00a0You could have been in Geneva, Chicago, New York, Rome, Paris, San Francisco. \u00a0You drank in the modern cleanliness of the room, the glistening porcelain tea cups on the table, and smiling Nour herself in a lacy d\u00e9collet\u00e9 (you&#8217;ve forgotten that women wear d\u00e9collet\u00e9). \u00a0Her phone kept ringing\u2014she chatted in three or four languages while making fresh orange juice for the boys. \u00a0Yes, you drank in the home\u2014a home you might dream of. \u00a0If you were going to live forever in Alexandria, Nour would become a dear friend\u2014you laugh easily together, your observations interest her and your children are already close. \u00a0But the die has been cast. \u00a0You are not going to live in Alexandria much longer. \u00a0You will say good-bye to the man who has touched your heart. \u00a0You will never be able to deepen the love that you&#8217;ve found. \u00a0Some questions will remain unanswered. \u00a0Others you&#8217;ve learned to stop asking.<\/p>\n<p>The door to Nour&#8217;s villa is tightly shut when you pass. \u00a0Like other private homes on the hill where you live, it has a high, opaque wall around it with broken glass and barbed wire at the top\u2014too high even for the sick and desperate cats to scale. \u00a0There darts one now, under a car. \u00a0You try not to look at the cats under the cars because sometimes they are sleeping and sometimes they are dead. \u00a0The trash men dispose of their bodies, you suppose. \u00a0The trash men! \u00a0With their toothy brooms. \u00a0The work of Sisyphus.<\/p>\n<p>Now you have to really watch where and how you walk. \u00a0The street narrows so that you can&#8217;t simply lean against a parked car to avoid the one speeding up the hill\u2014you have to take to the sidewalk when they roar past. \u00a0Sidewalks always pose a challenge. \u00a0You tell yourself that sidewalks are a Zen exercise in awareness, balance, coordination. \u00a0Deep holes appear from nowhere, strange rusty rods protrude from the broken concrete, and live electrical wires dangle from above (just the other day, a driver from Alex&#8217;s school was hospitalized from electrocution). \u00a0If there is hosing protruding from an adjacent building, you may be doused with a disagreeable liquid, as you already have been, twice. \u00a0If there&#8217;s construction, tools or materials may fall. \u00a0You have seen death, in the form of aluminum siding, land just in front of you. \u00a0An odd cable may catch at your ankles. \u00a0The fact that the obstacles are intermittent makes navigation all the more challenging. \u00a0It keeps you alert. \u00a0A sprig of bougainvillea, a blue-glass vase, a brass bell\u2014some small trinket may catch your eye when you should be avoiding the box of rusty metal in your path. \u00a0The big cartons sometimes serve as beds. \u00a0Once you thought you were looking at a carton full of trash and it moved.<\/p>\n<p>Now you are almost at the main street. \u00a0You will stop and buy a paper, as you always do, from the newsman at the corner who repairs his portion of the sidewalk, sweeps the concrete clean. \u00a0He is old enough to have lived through Nasser, Sadat and thirty years of Mubarak. \u00a0He remembers when Egypt was a cosmopolitan center, when foreigners bought out his international press, when women showed their faces, legs, arms, and the city streets were tidy and clean, the buildings kept up, the roads and sidewalks freshly paved. \u00a0You represent, in your own humble way, hope\u2014you can see it in the pleasure he takes in handing you a perfectly folded paper. \u00a0For him, the odd foreigner is a sign that perhaps Egypt can emerge from decades of oppression, that perhaps the extremists will be mollified, that the rot could be incised from the infrastructure and wounds heal. \u00a0You feel sorry for the newsman because week after week the same costly <em>National Geographic<\/em> is stubbornly on display. \u00a0Occasionally he has a <em>Newsweek<\/em> or a <em>Decouvert<\/em>, and occasionally you buy it, although it costs fifteen dollars. \u00a0Most of the time you give him one Egyptian pound for the <em>Egyptian Gazette<\/em>, thank him kindly, and continue on your way.<\/p>\n<p>As you do today. \u00a0You are always, it seems, continuing on your way. \u00a0No matter what happens, you keep moving. \u00a0It\u2019s something that\u2019s hard to understand about yourself. \u00a0You look at yourself and wonder. \u00a0Sometimes it\u2019s even hard to think of yourself in the first person, the one who has experience instead of the one watching.<\/p>\n<p>As you are now.<br \/>\n<br \/><\/br><br \/>\n<br \/><\/br><br \/>\n<strong>DAWN-MICHELLE BAUDE<\/strong> is the author of several poetry volumes, including <em>Finally: A Calendar<\/em> (MindMade 2009) and <em>The Flying House<\/em> (Parlor Press 2008), among others.  Her prose has appeared in Exquisite Corpse, Newsweek International and Vogue.<\/p>\n","protected":false},"excerpt":{"rendered":"<p>by Dawn-Michelle Baude Are you ready? Put on the long, baggy skirt\u2014black, of course\u2014down to the ankles. \u00a0Loose white shirt. \u00a0Black-and-white striped socks and black boots. \u00a0(Closed-in shoes are required.) \u00a0Sun block? \u00a0Check. \u00a0Hat? \u00a0Check. \u00a0Black backpack? \u00a0Check. \u00a0Take the &hellip; <a href=\"http:\/\/www.jerseydevilpress.com\/?page_id=495\">Continue reading <span class=\"meta-nav\">&rarr;<\/span><\/a><\/p>\n","protected":false},"author":1,"featured_media":0,"parent":320,"menu_order":3,"comment_status":"open","ping_status":"open","template":"","meta":{"nf_dc_page":"","jetpack_post_was_ever_published":false,"footnotes":""},"class_list":["post-495","page","type-page","status-publish","hentry"],"jetpack_sharing_enabled":true,"jetpack_shortlink":"https:\/\/wp.me\/P15duy-7Z","_links":{"self":[{"href":"http:\/\/www.jerseydevilpress.com\/index.php?rest_route=\/wp\/v2\/pages\/495","targetHints":{"allow":["GET"]}}],"collection":[{"href":"http:\/\/www.jerseydevilpress.com\/index.php?rest_route=\/wp\/v2\/pages"}],"about":[{"href":"http:\/\/www.jerseydevilpress.com\/index.php?rest_route=\/wp\/v2\/types\/page"}],"author":[{"embeddable":true,"href":"http:\/\/www.jerseydevilpress.com\/index.php?rest_route=\/wp\/v2\/users\/1"}],"replies":[{"embeddable":true,"href":"http:\/\/www.jerseydevilpress.com\/index.php?rest_route=%2Fwp%2Fv2%2Fcomments&post=495"}],"version-history":[{"count":4,"href":"http:\/\/www.jerseydevilpress.com\/index.php?rest_route=\/wp\/v2\/pages\/495\/revisions"}],"predecessor-version":[{"id":498,"href":"http:\/\/www.jerseydevilpress.com\/index.php?rest_route=\/wp\/v2\/pages\/495\/revisions\/498"}],"up":[{"embeddable":true,"href":"http:\/\/www.jerseydevilpress.com\/index.php?rest_route=\/wp\/v2\/pages\/320"}],"wp:attachment":[{"href":"http:\/\/www.jerseydevilpress.com\/index.php?rest_route=%2Fwp%2Fv2%2Fmedia&parent=495"}],"curies":[{"name":"wp","href":"https:\/\/api.w.org\/{rel}","templated":true}]}}