{"id":323,"date":"2010-09-23T12:13:03","date_gmt":"2010-09-23T16:13:03","guid":{"rendered":"http:\/\/www.jerseydevilpress.com\/?page_id=323"},"modified":"2010-11-27T16:02:59","modified_gmt":"2010-11-27T21:02:59","slug":"issue-four-jan-2010","status":"publish","type":"page","link":"http:\/\/www.jerseydevilpress.com\/?page_id=323","title":{"rendered":"Issue Four, January 2010"},"content":{"rendered":"<div><object style=\"width:700px;height:453px\" ><param name=\"movie\" value=\"http:\/\/static.issuu.com\/webembed\/viewers\/style1\/v1\/IssuuViewer.swf?mode=embed&amp;layout=http%3A%2F%2Fskin.issuu.com%2Fv%2Fcolor%2Flayout.xml&amp;backgroundColor=000000&amp;showFlipBtn=true&amp;documentId=100923154530-ce236415614b47bd8510fc01954a036f&amp;docName=jdp_jan2010&amp;username=egumeny&amp;loadingInfoText=jdp_jan2010&amp;et=1285258351295&amp;er=60\" \/><param name=\"allowfullscreen\" value=\"true\"\/><param name=\"menu\" value=\"false\"\/><\/object><\/p>\n<div style=\"width:700px;text-align:left;\"><a href=\"http:\/\/issuu.com\/egumeny\/docs\/jdp_jan2010?mode=embed&amp;layout=http%3A%2F%2Fskin.issuu.com%2Fv%2Fcolor%2Flayout.xml&amp;backgroundColor=000000&amp;showFlipBtn=true\" target=\"_blank\">Read the Magazine<\/a> <a href=\"http:\/\/www.jerseydevilpress.com\/wp-content\/uploads\/2009\/12\/jdp_jan2010.pdf\"> Download the .pdf<\/a><\/div>\n<\/div>\n<p><\/br><\/p>\n<p style=\"text-align: right;\"><a href=\"http:\/\/www.jerseydevilpress.com\/?page_id=466\"><strong>Dead Sharp Tail<\/strong>, Cate Gardner<\/a><br \/>\n&#8220;Never believe anything a stranger tells you in a pub, especially if he is wearing an eye patch.&#8221;<\/p>\n<p style=\"text-align: right;\"><a href=\"http:\/\/www.jerseydevilpress.com\/?page_id=468\"><strong>Why the Walls Haven&#8217;t Been Painted Yet<\/strong>, Jason Joyce<\/a><br \/>\n&#8220;I settled quickly, the piercing, comfortable sting of the nine to five,<br \/>\nthe apathetic, faked weeknights with my father&#8230;&#8221;<\/p>\n<p style=\"text-align: right;\"><a href=\"http:\/\/www.jerseydevilpress.com\/?page_id=470\"><strong>The Hair<\/strong>, P. Matthew Kimmel<\/a><br \/>\n&#8220;At first Tim thought it was odd that a pile of leaves would look so stringy,<br \/>\nbut he soon realized it was hair.&#8221;<\/p>\n<p style=\"text-align: right;\"><a href=\"http:\/\/www.jerseydevilpress.com\/?page_id=474\"><strong>Three Dates in Orlando<\/strong>, Daniel McDermott<\/a><br \/>\n&#8220;It was the vomit that ended things.  I\u2019m pretty sure.&#8221;<\/p>\n<p style=\"text-align: right;\"><a href=\"http:\/\/www.jerseydevilpress.com\/?page_id=476\"><strong>Navels<\/strong>, Ansley Moon<\/a><br \/>\n&#8220;Maureen was in the business of navels.&#8221;<\/p>\n<p style=\"text-align: right;\"><a href=\"http:\/\/www.jerseydevilpress.com\/?page_id=478\"><strong>T\u00eate-\u00e0-T\u00eate<\/strong>, Christina Murphy<\/a><br \/>\n&#8220;Harry was very happy with his warts.<br \/>\nThey were wonderful company and took a lot less time than a garden.&#8221;<\/p>\n","protected":false},"excerpt":{"rendered":"<p>Read the Magazine Download the .pdf Dead Sharp Tail, Cate Gardner &#8220;Never believe anything a stranger tells you in a pub, especially if he is wearing an eye patch.&#8221; Why the Walls Haven&#8217;t Been Painted Yet, Jason Joyce &#8220;I settled &hellip; <a href=\"http:\/\/www.jerseydevilpress.com\/?page_id=323\">Continue reading <span class=\"meta-nav\">&rarr;<\/span><\/a><\/p>\n","protected":false},"author":1,"featured_media":0,"parent":844,"menu_order":1,"comment_status":"open","ping_status":"open","template":"","meta":{"nf_dc_page":"","jetpack_post_was_ever_published":false,"footnotes":""},"class_list":["post-323","page","type-page","status-publish","hentry"],"jetpack_sharing_enabled":true,"jetpack_shortlink":"https:\/\/wp.me\/P15duy-5d","_links":{"self":[{"href":"http:\/\/www.jerseydevilpress.com\/index.php?rest_route=\/wp\/v2\/pages\/323","targetHints":{"allow":["GET"]}}],"collection":[{"href":"http:\/\/www.jerseydevilpress.com\/index.php?rest_route=\/wp\/v2\/pages"}],"about":[{"href":"http:\/\/www.jerseydevilpress.com\/index.php?rest_route=\/wp\/v2\/types\/page"}],"author":[{"embeddable":true,"href":"http:\/\/www.jerseydevilpress.com\/index.php?rest_route=\/wp\/v2\/users\/1"}],"replies":[{"embeddable":true,"href":"http:\/\/www.jerseydevilpress.com\/index.php?rest_route=%2Fwp%2Fv2%2Fcomments&post=323"}],"version-history":[{"count":7,"href":"http:\/\/www.jerseydevilpress.com\/index.php?rest_route=\/wp\/v2\/pages\/323\/revisions"}],"predecessor-version":[{"id":852,"href":"http:\/\/www.jerseydevilpress.com\/index.php?rest_route=\/wp\/v2\/pages\/323\/revisions\/852"}],"up":[{"embeddable":true,"href":"http:\/\/www.jerseydevilpress.com\/index.php?rest_route=\/wp\/v2\/pages\/844"}],"wp:attachment":[{"href":"http:\/\/www.jerseydevilpress.com\/index.php?rest_route=%2Fwp%2Fv2%2Fmedia&parent=323"}],"curies":[{"name":"wp","href":"https:\/\/api.w.org\/{rel}","templated":true}]}}